{"id":8,"date":"2023-08-23T16:31:31","date_gmt":"2023-08-23T16:31:31","guid":{"rendered":"http:\/\/bernardin.sanbernardo.it\/?page_id=8"},"modified":"2024-02-14T10:03:27","modified_gmt":"2024-02-14T10:03:27","slug":"home","status":"publish","type":"page","link":"https:\/\/bernardin.sanbernardo.it\/","title":{"rendered":"Home"},"content":{"rendered":"[vc_row][vc_column][vc_single_image image=&#8221;16&#8243; img_size=&#8221;full&#8221; alignment=&#8221;center&#8221; el_class=&#8221;.sb&#8221;][vc_column_text el_class=&#8221;quorum-book red claim&#8221;]Da un&#8217;antica ricetta nata ieri[\/vc_column_text][vc_single_image image=&#8221;200&#8243; img_size=&#8221;full&#8221; alignment=&#8221;center&#8221; el_class=&#8221;.bernardin&#8221;][\/vc_column][\/vc_row][vc_row full_width=&#8221;stretch_row_content_no_spaces&#8221; el_class=&#8221;.video&#8221;][vc_column][vc_raw_html]JTNDaWZyYW1lJTIwd2lkdGglM0QlMjI1NjAlMjIlMjBoZWlnaHQlM0QlMjIzMTUlMjIlMjBzcmMlM0QlMjJodHRwcyUzQSUyRiUyRnd3dy55b3V0dWJlLmNvbSUyRmVtYmVkJTJGYzh3QkJzX1ZNZVElM0ZzaSUzRDdfeHpQb3BkVXNBMll6OEclMjIlMjB0aXRsZSUzRCUyMllvdVR1YmUlMjB2aWRlbyUyMHBsYXllciUyMiUyMGZyYW1lYm9yZGVyJTNEJTIyMCUyMiUyMGFsbG93JTNEJTIyYWNjZWxlcm9tZXRlciUzQiUyMGF1dG9wbGF5JTNCJTIwY2xpcGJvYXJkLXdyaXRlJTNCJTIwZW5jcnlwdGVkLW1lZGlhJTNCJTIwZ3lyb3Njb3BlJTNCJTIwcGljdHVyZS1pbi1waWN0dXJlJTNCJTIwd2ViLXNoYXJlJTIyJTIwYWxsb3dmdWxsc2NyZWVuJTNFJTNDJTJGaWZyYW1lJTNF[\/vc_raw_html][\/vc_column][\/vc_row][vc_row][vc_column][vc_column_text el_class=&#8221;quorum-book red&#8221;]In collaborazione con l&#8217;Universit\u00e0 di Scienze Gastronomiche di Pollenzo (UNISG)[\/vc_column_text][\/vc_column][\/vc_row][vc_row el_class=&#8221;.poesia&#8221;][vc_column width=&#8221;1\/2&#8243; el_class=&#8221;.sinistra&#8221;][vc_column_text el_class=&#8221;quorum-book&#8221;]L\u2019atra seira a iava sei<br \/>\nE anca an poc ad fam<br \/>\nLa me dona iera nen<br \/>\nE\u2019l me fi\u00f6 l&#8217;era lunt\u00e0n<\/p>\n<p>Anlura vag al caf\u00e9<br \/>\nMa iavu fin\u00ec l\u2019Arneis<br \/>\nE m\u2019han dami sa roba<br \/>\nCon \u2018i erbi piemunteis<\/p>\n<p>M&#8217;han dimi che l\u2019han falu<br \/>\nCon l\u2019universit\u00e0 \u2018d\u2019Bra<br \/>\nMa mi io nen cap\u00ec ben<br \/>\nAi van a scola a sn\u00e0?<\/p>\n<p>Ma l\u2019\u00e8 bast\u00e0 in gul\u00f2n<br \/>\nA fami turn\u00e0 nin\u00ecn:<br \/>\nSa gent ad S.Bernardo<br \/>\nI sun nen\u00a0di\u00a0barland\u00ecn[\/vc_column_text][\/vc_column][vc_column width=&#8221;1\/2&#8243; el_class=&#8221;.destra&#8221;][vc_column_text el_class=&#8221;quorum-book&#8221;]L\u2019altra sera avevo sete<br \/>\nE anche un po\u2019 di fame<br \/>\nMia moglie non c\u2019era<br \/>\nE mio figlio era lontano<\/p>\n<p>Cos\u00ec sono andato al bar<br \/>\nMa avevano finito l\u2019Arneis<br \/>\nE mi han dato sta roba<br \/>\nCon le erbe piemontesi<\/p>\n<p>Mi hanno detto che l\u2019han fatto<br \/>\nCon una scuola vicina a Bra<br \/>\nMa io non ho capito bene<br \/>\nVanno a scuola a cenare?<\/p>\n<p>Ma \u00e8 bastato un sorso<br \/>\nA farmi tornare bambino<br \/>\nQuesti di S.Bernardo<br \/>\nNon sono dei ciarlatani[\/vc_column_text][\/vc_column][\/vc_row][vc_row el_class=&#8221;.poesiamobile&#8221;][vc_column][vc_column_text el_class=&#8221;quorum-book&#8221;]L\u2019atra seira a iava sei<br \/>\nE anca an poc ad fam<br \/>\nLa me dona iera nen<br \/>\nE\u2019l me fi\u00f6 l&#8217;era lunt\u00e0n<\/p>\n<p><em>L\u2019altra sera avevo sete<br \/>\nE anche un po\u2019 di fame<br \/>\nMia moglie non c\u2019era<br \/>\nE mio figlio era lontano<\/em><\/p>\n<p>Anlura vag al caf\u00e9<br \/>\nMa iavu fin\u00ec l\u2019Arneis<br \/>\nE m\u2019han dami sa roba<br \/>\nCon \u2018i erbi piemunteis<\/p>\n<p><em>Cos\u00ec sono andato al bar<br \/>\nMa avevano finito l\u2019Arneis<br \/>\nE mi han dato sta roba<br \/>\nCon le erbe piemontesi<\/em><\/p>\n<p>M&#8217;han dimi che l\u2019han falu<br \/>\nCon l\u2019universit\u00e0 \u2018d\u2019Bra<br \/>\nMa mi io nen cap\u00ec ben<br \/>\nAi van a scola a sn\u00e0?<\/p>\n<p><em>Mi hanno detto che l\u2019han fatto<br \/>\nCon una scuola vicina a Bra<br \/>\nMa io non ho capito bene<br \/>\nVanno a scuola a cenare?<\/em><\/p>\n<p>Ma l\u2019\u00e8 bast\u00e0 in gul\u00f2n<br \/>\nA fami turn\u00e0 nin\u00ecn:<br \/>\nSa gent ad S.Bernardo<br \/>\nI sun nen\u00a0di\u00a0barland\u00ecn<\/p>\n<p><em>Ma \u00e8 bastato un sorso<br \/>\nA farmi tornare bambino<br \/>\nQuesti di S.Bernardo<br \/>\nNon sono dei ciarlatani<\/em>[\/vc_column_text][\/vc_column][\/vc_row][vc_row][vc_column][\/vc_column][\/vc_row]\n","protected":false},"excerpt":{"rendered":"[vc_row][vc_column][vc_single_image image=&#8221;16&#8243; img_size=&#8221;full&#8221; alignment=&#8221;center&#8221; el_class=&#8221;.sb&#8221;][vc_column_text el_class=&#8221;quorum-book red claim&#8221;]Da un&#8217;antica ricetta nata ieri[\/vc_column_text][vc_single_image image=&#8221;200&#8243; img_size=&#8221;full&#8221; alignment=&#8221;center&#8221; el_class=&#8221;.bernardin&#8221;][\/vc_column][\/vc_row][vc_row full_width=&#8221;stretch_row_content_no_spaces&#8221; el_class=&#8221;.video&#8221;][vc_column][vc_raw_html]JTNDaWZyYW1lJTIwd2lkdGglM0QlMjI1NjAlMjIlMjBoZWlnaHQlM0QlMjIzMTUlMjIlMjBzcmMlM0QlMjJodHRwcyUzQSUyRiUyRnd3dy55b3V0dWJlLmNvbSUyRmVtYmVkJTJGYzh3QkJzX1ZNZVElM0ZzaSUzRDdfeHpQb3BkVXNBMll6OEclMjIlMjB0aXRsZSUzRCUyMllvdVR1YmUlMjB2aWRlbyUyMHBsYXllciUyMiUyMGZyYW1lYm9yZGVyJTNEJTIyMCUyMiUyMGFsbG93JTNEJTIyYWNjZWxlcm9tZXRlciUzQiUyMGF1dG9wbGF5JTNCJTIwY2xpcGJvYXJkLXdyaXRlJTNCJTIwZW5jcnlwdGVkLW1lZGlhJTNCJTIwZ3lyb3Njb3BlJTNCJTIwcGljdHVyZS1pbi1waWN0dXJlJTNCJTIwd2ViLXNoYXJlJTIyJTIwYWxsb3dmdWxsc2NyZWVuJTNFJTNDJTJGaWZyYW1lJTNF[\/vc_raw_html][\/vc_column][\/vc_row][vc_row][vc_column][vc_column_text el_class=&#8221;quorum-book red&#8221;]In collaborazione con l&#8217;Universit\u00e0 di Scienze Gastronomiche di Pollenzo (UNISG)[\/vc_column_text][\/vc_column][\/vc_row][vc_row el_class=&#8221;.poesia&#8221;][vc_column width=&#8221;1\/2&#8243; el_class=&#8221;.sinistra&#8221;][vc_column_text el_class=&#8221;quorum-book&#8221;]L\u2019atra seira a iava sei E anca an poc ad fam La me dona iera nen E\u2019l me fi\u00f6 l&#8217;era lunt\u00e0n Anlura vag [&#8230;]\n","protected":false},"author":1,"featured_media":0,"parent":0,"menu_order":0,"comment_status":"closed","ping_status":"closed","template":"","meta":{"footnotes":""},"class_list":["post-8","page","type-page","status-publish","hentry"],"_links":{"self":[{"href":"https:\/\/bernardin.sanbernardo.it\/index.php?rest_route=\/wp\/v2\/pages\/8","targetHints":{"allow":["GET"]}}],"collection":[{"href":"https:\/\/bernardin.sanbernardo.it\/index.php?rest_route=\/wp\/v2\/pages"}],"about":[{"href":"https:\/\/bernardin.sanbernardo.it\/index.php?rest_route=\/wp\/v2\/types\/page"}],"author":[{"embeddable":true,"href":"https:\/\/bernardin.sanbernardo.it\/index.php?rest_route=\/wp\/v2\/users\/1"}],"replies":[{"embeddable":true,"href":"https:\/\/bernardin.sanbernardo.it\/index.php?rest_route=%2Fwp%2Fv2%2Fcomments&post=8"}],"version-history":[{"count":45,"href":"https:\/\/bernardin.sanbernardo.it\/index.php?rest_route=\/wp\/v2\/pages\/8\/revisions"}],"predecessor-version":[{"id":203,"href":"https:\/\/bernardin.sanbernardo.it\/index.php?rest_route=\/wp\/v2\/pages\/8\/revisions\/203"}],"wp:attachment":[{"href":"https:\/\/bernardin.sanbernardo.it\/index.php?rest_route=%2Fwp%2Fv2%2Fmedia&parent=8"}],"curies":[{"name":"wp","href":"https:\/\/api.w.org\/{rel}","templated":true}]}}